{"id":3204,"date":"2018-01-29T09:30:54","date_gmt":"2018-01-29T09:30:54","guid":{"rendered":"http:\/\/192.168.142.227\/memocs\/?page_id=3204"},"modified":"2018-12-17T10:06:55","modified_gmt":"2018-12-17T10:06:55","slug":"labs-2","status":"publish","type":"page","link":"http:\/\/memocscenter.univaq.it\/memocs\/it\/labs-2\/","title":{"rendered":"Laboratori"},"content":{"rendered":"<h3>Laboratori<\/h3><ul class=\"lcp_catlist\" id=\"lcp_instance_0\"><li><h4 class=\"lcp_title\"><a href=\"http:\/\/memocscenter.univaq.it\/memocs\/it\/laboratori\/prove-materiali\/\">Laboratorio di prove sui materiali e sulle stutture<\/a><\/h4><div class=\"lcp_excerpt\">Direttore e Responsabile Scientifico: Dott. Ing. Ivan Giorgio\nAttivit\u00e0\nIl laboratorio di Prove sui Materiali e sulle Strutture dell\u2019Universit\u00e0 degli Studi dell\u2019Aquila, Centro di Ricerca M&amp;MoCS, \u00e8 dedicato ad attivit\u00e0 di sperimentazione su materiali e strutture con finalit\u00e0 di ricerca applicata, didattica e consulenza conto terzi.\nScopo del Laboratorio \u00e8 quello di fornire ai soggetti del settore delle ...<\/div><\/li><li><h4 class=\"lcp_title\"><a href=\"http:\/\/memocscenter.univaq.it\/memocs\/it\/laboratori\/lamsi\/\">Laboratorio meta-materiali multiscala funzionali e sistemi intelligenti<\/a><\/h4><div class=\"lcp_excerpt\">Direttore e Responsabile Scientifico:  Dr Antonio Rinaldi\nAttivit\u00e0 e Servizi\nIl \u201cLaboratorio meta-materiali multiscala funzionali e sistemi intelligenti\u201d (LAMSI) nasce da un progetto FIRB 2010 interamente finanziato dal MIUR per lo sviluppo di nanotecnologie per l\u2019energia.\nNel Laboratorio si svolgono attivit\u00e0 di modellazione numerica e sperimentazione su micro e nano-materiali strutturali e funzionali con molteplici applicazioni , ...<\/div><\/li><li><h4 class=\"lcp_title\"><a href=\"http:\/\/memocscenter.univaq.it\/memocs\/it\/laboratori\/sminamento-umanitario\/\">Laboratorio di Sminamento umanitario<\/a><\/h4><div class=\"lcp_excerpt\">Responsabile Scientifico:\u00a0Dr Ing.Marco Balsi\nAttivit\u00e0\nIl Laboratorio di Sminamento Umanitario \u00e8 promosso da professori e ricercatori dell\u2019Universit\u00e0 La Sapienza, dei Dipartimenti di Ingegneria Elettronica, Ingegneria Strutturale e Geotecnica, Meccanica e Aeronautica, Fisica Tecnica, Informatica e Sistemistica, con il concorso di studenti di dottorato di ricerca e dei corsi di laurea in Ingegneria.\n\u00c8 sostenuto dal Comune di Cisterna ...<\/div><\/li><li><h4 class=\"lcp_title\"><a href=\"http:\/\/memocscenter.univaq.it\/memocs\/it\/laboratori\/strutture-navali-e-strumentazioni-di-bordo\/\">Laboratorio di Strutture Navali e Strumentazioni di Bordo<\/a><\/h4><div class=\"lcp_excerpt\">Responsabile Scientifico: Professor Antonio Carcaterra\nAttivit\u00e0\nIl Laboratorio Strutture Navali e Strumentazioni di Bordo \u00e8 Polo dell\u2019Universit\u00e0 degli studi di Roma \u201cLa Sapienza\u201d con sede a Cisterna di Latina e svolge attivit\u00e0 di ricerca su prototipi di strutture navali (veicoli marini di superficie e di profondit\u00e0) in collaborazione con i Dipartimenti di Ingegneria Strutturale e Geotecnica, di ...<\/div><\/li><li><h4 class=\"lcp_title\"><a href=\"http:\/\/memocscenter.univaq.it\/memocs\/it\/laboratori\/vibrazioni\/\">Vibrazioni<\/a><\/h4><div class=\"lcp_excerpt\">Il Laboratorio con sede in Cisterna di Latina svolge attivit\u00e0 di ricerca su prototipi di strutture intelligenti, controllo delle vibrazioni, della generazione e della trasmissione acustica, monitoraggio dell\u2019integrit\u00e0 strutturale. In particolare, si citano i seguenti ambiti:\n\ndiagnosi non distruttiva sull\u2019integrit\u00e0 di affreschi con un vibrometro laser Doppler a scansione;\nsviluppo di sistemi acustico-vibratori per la localizzazione di ...<\/div><\/li><\/ul>","protected":false},"excerpt":{"rendered":"","protected":false},"author":1,"featured_media":0,"parent":0,"menu_order":0,"comment_status":"closed","ping_status":"closed","template":"","meta":[],"yoast_head":"<!-- This site is optimized with the Yoast SEO plugin v20.5 - https:\/\/yoast.com\/wordpress\/plugins\/seo\/ -->\n<title>Laboratori - M&amp;MoCS<\/title>\n<meta name=\"robots\" content=\"index, follow, max-snippet:-1, max-image-preview:large, max-video-preview:-1\" \/>\n<link rel=\"canonical\" href=\"http:\/\/memocscenter.univaq.it\/memocs\/labs-2\/\" \/>\n<meta property=\"og:locale\" content=\"it_IT\" \/>\n<meta property=\"og:type\" content=\"article\" \/>\n<meta property=\"og:title\" content=\"Laboratori - M&amp;MoCS\" \/>\n<meta property=\"og:url\" content=\"http:\/\/memocscenter.univaq.it\/memocs\/labs-2\/\" \/>\n<meta property=\"og:site_name\" content=\"M&amp;MoCS\" \/>\n<meta property=\"article:modified_time\" content=\"2018-12-17T10:06:55+00:00\" \/>\n<meta name=\"twitter:card\" content=\"summary_large_image\" \/>\n<script type=\"application\/ld+json\" class=\"yoast-schema-graph\">{\"@context\":\"https:\/\/schema.org\",\"@graph\":[{\"@type\":\"WebPage\",\"@id\":\"http:\/\/memocscenter.univaq.it\/memocs\/labs-2\/\",\"url\":\"http:\/\/memocscenter.univaq.it\/memocs\/labs-2\/\",\"name\":\"Laboratori - M&amp;MoCS\",\"isPartOf\":{\"@id\":\"http:\/\/memocscenter.univaq.it\/memocs\/it\/#website\"},\"datePublished\":\"2018-01-29T09:30:54+00:00\",\"dateModified\":\"2018-12-17T10:06:55+00:00\",\"breadcrumb\":{\"@id\":\"http:\/\/memocscenter.univaq.it\/memocs\/labs-2\/#breadcrumb\"},\"inLanguage\":\"it-IT\",\"potentialAction\":[{\"@type\":\"ReadAction\",\"target\":[\"http:\/\/memocscenter.univaq.it\/memocs\/labs-2\/\"]}]},{\"@type\":\"BreadcrumbList\",\"@id\":\"http:\/\/memocscenter.univaq.it\/memocs\/labs-2\/#breadcrumb\",\"itemListElement\":[{\"@type\":\"ListItem\",\"position\":1,\"name\":\"Home\",\"item\":\"http:\/\/memocscenter.univaq.it\/memocs\/\"},{\"@type\":\"ListItem\",\"position\":2,\"name\":\"Laboratori\"}]},{\"@type\":\"WebSite\",\"@id\":\"http:\/\/memocscenter.univaq.it\/memocs\/it\/#website\",\"url\":\"http:\/\/memocscenter.univaq.it\/memocs\/it\/\",\"name\":\"M&amp;MoCS\",\"description\":\"International Research Center on Mathematics and Mechanics of Complex Systems\",\"potentialAction\":[{\"@type\":\"SearchAction\",\"target\":{\"@type\":\"EntryPoint\",\"urlTemplate\":\"http:\/\/memocscenter.univaq.it\/memocs\/it\/?s={search_term_string}\"},\"query-input\":\"required name=search_term_string\"}],\"inLanguage\":\"it-IT\"}]}<\/script>\n<!-- \/ Yoast SEO plugin. -->","yoast_head_json":{"title":"Laboratori - M&amp;MoCS","robots":{"index":"index","follow":"follow","max-snippet":"max-snippet:-1","max-image-preview":"max-image-preview:large","max-video-preview":"max-video-preview:-1"},"canonical":"http:\/\/memocscenter.univaq.it\/memocs\/labs-2\/","og_locale":"it_IT","og_type":"article","og_title":"Laboratori - M&amp;MoCS","og_url":"http:\/\/memocscenter.univaq.it\/memocs\/labs-2\/","og_site_name":"M&amp;MoCS","article_modified_time":"2018-12-17T10:06:55+00:00","twitter_card":"summary_large_image","schema":{"@context":"https:\/\/schema.org","@graph":[{"@type":"WebPage","@id":"http:\/\/memocscenter.univaq.it\/memocs\/labs-2\/","url":"http:\/\/memocscenter.univaq.it\/memocs\/labs-2\/","name":"Laboratori - M&amp;MoCS","isPartOf":{"@id":"http:\/\/memocscenter.univaq.it\/memocs\/it\/#website"},"datePublished":"2018-01-29T09:30:54+00:00","dateModified":"2018-12-17T10:06:55+00:00","breadcrumb":{"@id":"http:\/\/memocscenter.univaq.it\/memocs\/labs-2\/#breadcrumb"},"inLanguage":"it-IT","potentialAction":[{"@type":"ReadAction","target":["http:\/\/memocscenter.univaq.it\/memocs\/labs-2\/"]}]},{"@type":"BreadcrumbList","@id":"http:\/\/memocscenter.univaq.it\/memocs\/labs-2\/#breadcrumb","itemListElement":[{"@type":"ListItem","position":1,"name":"Home","item":"http:\/\/memocscenter.univaq.it\/memocs\/"},{"@type":"ListItem","position":2,"name":"Laboratori"}]},{"@type":"WebSite","@id":"http:\/\/memocscenter.univaq.it\/memocs\/it\/#website","url":"http:\/\/memocscenter.univaq.it\/memocs\/it\/","name":"M&amp;MoCS","description":"International Research Center on Mathematics and Mechanics of Complex Systems","potentialAction":[{"@type":"SearchAction","target":{"@type":"EntryPoint","urlTemplate":"http:\/\/memocscenter.univaq.it\/memocs\/it\/?s={search_term_string}"},"query-input":"required name=search_term_string"}],"inLanguage":"it-IT"}]}},"_links":{"self":[{"href":"http:\/\/memocscenter.univaq.it\/memocs\/it\/wp-json\/wp\/v2\/pages\/3204"}],"collection":[{"href":"http:\/\/memocscenter.univaq.it\/memocs\/it\/wp-json\/wp\/v2\/pages"}],"about":[{"href":"http:\/\/memocscenter.univaq.it\/memocs\/it\/wp-json\/wp\/v2\/types\/page"}],"author":[{"embeddable":true,"href":"http:\/\/memocscenter.univaq.it\/memocs\/it\/wp-json\/wp\/v2\/users\/1"}],"replies":[{"embeddable":true,"href":"http:\/\/memocscenter.univaq.it\/memocs\/it\/wp-json\/wp\/v2\/comments?post=3204"}],"version-history":[{"count":1,"href":"http:\/\/memocscenter.univaq.it\/memocs\/it\/wp-json\/wp\/v2\/pages\/3204\/revisions"}],"predecessor-version":[{"id":6136,"href":"http:\/\/memocscenter.univaq.it\/memocs\/it\/wp-json\/wp\/v2\/pages\/3204\/revisions\/6136"}],"wp:attachment":[{"href":"http:\/\/memocscenter.univaq.it\/memocs\/it\/wp-json\/wp\/v2\/media?parent=3204"}],"curies":[{"name":"wp","href":"https:\/\/api.w.org\/{rel}","templated":true}]}}