{"id":3226,"date":"2018-01-29T10:28:25","date_gmt":"2018-01-29T10:28:25","guid":{"rendered":"http:\/\/192.168.142.227\/memocs\/?page_id=3226"},"modified":"2018-12-17T10:12:10","modified_gmt":"2018-12-17T10:12:10","slug":"attivita","status":"publish","type":"page","link":"http:\/\/memocscenter.univaq.it\/memocs\/it\/attivita\/","title":{"rendered":"Attivit\u00e0"},"content":{"rendered":"<h3>Attivit\u00e0<\/h3><ul class=\"lcp_catlist\" id=\"lcp_instance_0\"><li><h4 class=\"lcp_title\"><a href=\"http:\/\/memocscenter.univaq.it\/memocs\/it\/attivita\/linee-di-ricerca\/\">Linee di Ricerca<\/a><\/h4><div class=\"lcp_excerpt\">Campo di applicazione delle attivit\u00e0 di ricerca del centro\nIl Centro \u00e8 stato fondato per essere un Forum dove la Matematica e l\u2019Analisi Numerica sono sviluppate come strumento per mezzo del quale descrivere il comportamento dei Sistemi Complessi.\nNon si specifica (volontariamente!) una classe particolare di Sistemi Complessi su cui focalizzare l\u2019attenzione.\nL\u2019elenco dei Sistemi Complessi considerati oggetto ...<\/div><\/li><li><h4 class=\"lcp_title\"><a href=\"http:\/\/memocscenter.univaq.it\/memocs\/it\/attivita\/corsi-di-dottorato\/\">Corsi di dottorato<\/a><\/h4><div class=\"lcp_excerpt\">Analytical Continuum Mechanics and Applications\n (Prof. F. dell\u2019Isola)\n\nSpace of Configurations and the problem of determining the Equation of Motion\n\n\n\nAction Functional and Lagrange Equations for systems\n\n\n\nLagrangian action for the system constituted by two interacting particles\n\n\n\nPiola\u2019s unitary description of the kinematics of rigid and deformable mechanical systems\n\n\n\nAn invitation to Levi-Civita Ricci Tensor Algebra and Calculus.\n\n\n\nA Gramscian digression ...<\/div><\/li><li><h4 class=\"lcp_title\"><a href=\"http:\/\/memocscenter.univaq.it\/memocs\/it\/attivita\/prin\/\">PRIN<\/a><\/h4><div class=\"lcp_excerpt\">DINAMICA, STABILIT\u00c0 E CONTROLLO DI STRUTTURE FLESSIBILI\nCoordinatore Scientifico: Prof. Angelo Luongo\nAbstract\nLa valutazione della capacit\u00e0 portante di una struttura \u00e8 obiettivo primario dell\u2019ingegneria strutturale, reso oggi pi\u00f9 difficile dal crescente impiego di materialiinnovativi, dalle nuove tecnologie di controllo passivo e semi-attivo, e dall\u2019impiego di strutture di nuova generazione, a cui si richiedono elevate prestazioni. La complessa ...<\/div><\/li><li><h4 class=\"lcp_title\"><a href=\"http:\/\/memocscenter.univaq.it\/memocs\/it\/attivita\/seminari\/\">Seminari<\/a><\/h4><div class=\"lcp_excerpt\">\n\n\nSeminari del 2014\n\nSeminari del 2013 \n\n\n\nSeminari del 2012 \n\nSeminari del 2011 \n\n\n\nSeminari del 2010 \n\nSeminari del 2009 \n\n\n\n\n<\/div><\/li><li><h4 class=\"lcp_title\"><a href=\"http:\/\/memocscenter.univaq.it\/memocs\/it\/attivita\/introduction-to-analytical-continuum-mechanics-and-computational-mechanics\/\">Summer School 2014<\/a><\/h4><div class=\"lcp_excerpt\">List of Partecipating Students\n\n\n\nName\nSurname\nEnrolled at\n\n\nMicha\u0142\nCzwarn\u00f3g\n3rd year of engineering studies (first level)\n\n\nTomasz\nBo\u0144czak\n2rd year of engineering studies (first level)\n\n\nRafa\u0142\nDrobnicki\n3rd year of engineering studies (first level)\n\n\nMaciej\nGo\u0142aszewski\n3rd year of engineering studies (first level)\n\n\nGrzegorz\nJankowski\n2nd year of engineering studies (first level)\n\n\n\u0141ucja\nKa\u017amierczak\n1,5 years of study on master level (second level)\n\n\nMonika\nKornafel\n1st year of study on master level (second level)\n\n\nMateusz\nMotyli\u0144ski\n3rd year of engineering studies ...<\/div><\/li><li><h4 class=\"lcp_title\"><a href=\"http:\/\/memocscenter.univaq.it\/memocs\/it\/attivita\/lezioni-tullio-levi-civita\/\">Lezioni Tullio Levi-Civita<\/a><\/h4><div class=\"lcp_excerpt\">Nell\u2019ambito delle attivit\u00e0 del Centro Internazionale di Ricerca MeMoCS, a partire dal 2013 sono state istituite le Lezioni Levi Civita in onore del celebre Matematico Italiano.\nLe Lezioni Levi Civita vengono tenute da uno studioso di chiara fama internazionale, al quale \u00e8 assegnato il Premio Internazionale Levi Civita, e due giovani promettenti ricercatori allo scopo di ...<\/div><\/li><li><h4 class=\"lcp_title\"><a href=\"http:\/\/memocscenter.univaq.it\/memocs\/it\/attivita\/international-prize-tullio-levi-civita-for-the-mathematical-and-mechanical-sciences\/\">International prize \u201cTullio Levi-Civita\u201d for the Mathematical and Mechanical Sciences<\/a><\/h4><div class=\"lcp_excerpt\">\n&nbsp;\nRegolamento\nArt.1 Istituzione del Premio \nIl Premio Internazionale \u201cTullio Levi-Civita\u201d riconoscer\u00e0 l\u2019alta qualit\u00e0 e la originalit\u00e0 non discussa della ricerca scientifica di eminenti scienziati, Italiani o stranieri.\nPrerequisito indispensabile per l\u2019attribuzione del premio sar\u00e0 la determinazione del valore scientifico della ricerca prodotta dal vincitore. La Commissione di selezione spiegher\u00e0 la scelta con una relazione scritta che sar\u00e0 ...<\/div><\/li><li><h4 class=\"lcp_title\"><a href=\"http:\/\/memocscenter.univaq.it\/memocs\/it\/attivita\/the-eugenio-beltrami-senior-scientist-prize\/\">The Eugenio Beltrami Senior Scientist Prize: a M&#038;MoCS prize for engineering scientist<\/a><\/h4><div class=\"lcp_excerpt\">\n\n&nbsp;\n\nRule\n1. Prize establishment\n\u201cThe Eugenio Beltrami Senior Scientist Prize\u201d, in brief the Prize, will recognise international and scientific achievements reached in any field contributing to engineering applications.\nIndispensable prerequisites for the appointment of the prize will be based on international recognition of published works, leadership and management of scientific projects (both national and international) and technology transfer.\nThe ...<\/div><\/li><\/ul>","protected":false},"excerpt":{"rendered":"","protected":false},"author":1,"featured_media":0,"parent":0,"menu_order":0,"comment_status":"closed","ping_status":"closed","template":"","meta":[],"yoast_head":"<!-- This site is optimized with the Yoast SEO plugin v20.5 - https:\/\/yoast.com\/wordpress\/plugins\/seo\/ -->\n<title>Attivit\u00e0 - M&amp;MoCS<\/title>\n<meta name=\"robots\" content=\"index, follow, max-snippet:-1, max-image-preview:large, max-video-preview:-1\" \/>\n<link rel=\"canonical\" href=\"http:\/\/memocscenter.univaq.it\/memocs\/attivita\/\" \/>\n<meta property=\"og:locale\" content=\"it_IT\" \/>\n<meta property=\"og:type\" content=\"article\" \/>\n<meta property=\"og:title\" content=\"Attivit\u00e0 - M&amp;MoCS\" \/>\n<meta property=\"og:url\" content=\"http:\/\/memocscenter.univaq.it\/memocs\/attivita\/\" \/>\n<meta property=\"og:site_name\" content=\"M&amp;MoCS\" \/>\n<meta property=\"article:modified_time\" content=\"2018-12-17T10:12:10+00:00\" \/>\n<meta name=\"twitter:card\" content=\"summary_large_image\" \/>\n<script type=\"application\/ld+json\" class=\"yoast-schema-graph\">{\"@context\":\"https:\/\/schema.org\",\"@graph\":[{\"@type\":\"WebPage\",\"@id\":\"http:\/\/memocscenter.univaq.it\/memocs\/attivita\/\",\"url\":\"http:\/\/memocscenter.univaq.it\/memocs\/attivita\/\",\"name\":\"Attivit\u00e0 - M&amp;MoCS\",\"isPartOf\":{\"@id\":\"http:\/\/memocscenter.univaq.it\/memocs\/it\/#website\"},\"datePublished\":\"2018-01-29T10:28:25+00:00\",\"dateModified\":\"2018-12-17T10:12:10+00:00\",\"breadcrumb\":{\"@id\":\"http:\/\/memocscenter.univaq.it\/memocs\/attivita\/#breadcrumb\"},\"inLanguage\":\"it-IT\",\"potentialAction\":[{\"@type\":\"ReadAction\",\"target\":[\"http:\/\/memocscenter.univaq.it\/memocs\/attivita\/\"]}]},{\"@type\":\"BreadcrumbList\",\"@id\":\"http:\/\/memocscenter.univaq.it\/memocs\/attivita\/#breadcrumb\",\"itemListElement\":[{\"@type\":\"ListItem\",\"position\":1,\"name\":\"Home\",\"item\":\"http:\/\/memocscenter.univaq.it\/memocs\/it\/\"},{\"@type\":\"ListItem\",\"position\":2,\"name\":\"Attivit\u00e0\"}]},{\"@type\":\"WebSite\",\"@id\":\"http:\/\/memocscenter.univaq.it\/memocs\/it\/#website\",\"url\":\"http:\/\/memocscenter.univaq.it\/memocs\/it\/\",\"name\":\"M&amp;MoCS\",\"description\":\"International Research Center on Mathematics and Mechanics of Complex Systems\",\"potentialAction\":[{\"@type\":\"SearchAction\",\"target\":{\"@type\":\"EntryPoint\",\"urlTemplate\":\"http:\/\/memocscenter.univaq.it\/memocs\/it\/?s={search_term_string}\"},\"query-input\":\"required name=search_term_string\"}],\"inLanguage\":\"it-IT\"}]}<\/script>\n<!-- \/ Yoast SEO plugin. -->","yoast_head_json":{"title":"Attivit\u00e0 - M&amp;MoCS","robots":{"index":"index","follow":"follow","max-snippet":"max-snippet:-1","max-image-preview":"max-image-preview:large","max-video-preview":"max-video-preview:-1"},"canonical":"http:\/\/memocscenter.univaq.it\/memocs\/attivita\/","og_locale":"it_IT","og_type":"article","og_title":"Attivit\u00e0 - M&amp;MoCS","og_url":"http:\/\/memocscenter.univaq.it\/memocs\/attivita\/","og_site_name":"M&amp;MoCS","article_modified_time":"2018-12-17T10:12:10+00:00","twitter_card":"summary_large_image","schema":{"@context":"https:\/\/schema.org","@graph":[{"@type":"WebPage","@id":"http:\/\/memocscenter.univaq.it\/memocs\/attivita\/","url":"http:\/\/memocscenter.univaq.it\/memocs\/attivita\/","name":"Attivit\u00e0 - M&amp;MoCS","isPartOf":{"@id":"http:\/\/memocscenter.univaq.it\/memocs\/it\/#website"},"datePublished":"2018-01-29T10:28:25+00:00","dateModified":"2018-12-17T10:12:10+00:00","breadcrumb":{"@id":"http:\/\/memocscenter.univaq.it\/memocs\/attivita\/#breadcrumb"},"inLanguage":"it-IT","potentialAction":[{"@type":"ReadAction","target":["http:\/\/memocscenter.univaq.it\/memocs\/attivita\/"]}]},{"@type":"BreadcrumbList","@id":"http:\/\/memocscenter.univaq.it\/memocs\/attivita\/#breadcrumb","itemListElement":[{"@type":"ListItem","position":1,"name":"Home","item":"http:\/\/memocscenter.univaq.it\/memocs\/it\/"},{"@type":"ListItem","position":2,"name":"Attivit\u00e0"}]},{"@type":"WebSite","@id":"http:\/\/memocscenter.univaq.it\/memocs\/it\/#website","url":"http:\/\/memocscenter.univaq.it\/memocs\/it\/","name":"M&amp;MoCS","description":"International Research Center on Mathematics and Mechanics of Complex Systems","potentialAction":[{"@type":"SearchAction","target":{"@type":"EntryPoint","urlTemplate":"http:\/\/memocscenter.univaq.it\/memocs\/it\/?s={search_term_string}"},"query-input":"required name=search_term_string"}],"inLanguage":"it-IT"}]}},"_links":{"self":[{"href":"http:\/\/memocscenter.univaq.it\/memocs\/it\/wp-json\/wp\/v2\/pages\/3226"}],"collection":[{"href":"http:\/\/memocscenter.univaq.it\/memocs\/it\/wp-json\/wp\/v2\/pages"}],"about":[{"href":"http:\/\/memocscenter.univaq.it\/memocs\/it\/wp-json\/wp\/v2\/types\/page"}],"author":[{"embeddable":true,"href":"http:\/\/memocscenter.univaq.it\/memocs\/it\/wp-json\/wp\/v2\/users\/1"}],"replies":[{"embeddable":true,"href":"http:\/\/memocscenter.univaq.it\/memocs\/it\/wp-json\/wp\/v2\/comments?post=3226"}],"version-history":[{"count":1,"href":"http:\/\/memocscenter.univaq.it\/memocs\/it\/wp-json\/wp\/v2\/pages\/3226\/revisions"}],"predecessor-version":[{"id":6145,"href":"http:\/\/memocscenter.univaq.it\/memocs\/it\/wp-json\/wp\/v2\/pages\/3226\/revisions\/6145"}],"wp:attachment":[{"href":"http:\/\/memocscenter.univaq.it\/memocs\/it\/wp-json\/wp\/v2\/media?parent=3226"}],"curies":[{"name":"wp","href":"https:\/\/api.w.org\/{rel}","templated":true}]}}